{"id":205,"date":"2024-01-18T17:35:22","date_gmt":"2024-01-18T20:35:22","guid":{"rendered":"https:\/\/paraeventos.com.ar\/?page_id=205"},"modified":"2024-03-17T23:13:28","modified_gmt":"2024-03-18T02:13:28","slug":"rincon-de-juegos","status":"publish","type":"page","link":"https:\/\/paraeventos.com.ar\/index.php\/rincon-de-juegos\/","title":{"rendered":"Rinc\u00f3n de Juegos"},"content":{"rendered":"\t\t<div data-elementor-type=\"wp-page\" data-elementor-id=\"205\" class=\"elementor elementor-205\" data-elementor-post-type=\"page\">\n\t\t\t\t<div class=\"elementor-element elementor-element-cd558be e-flex e-con-boxed elementor-invisible e-con e-parent\" data-id=\"cd558be\" data-element_type=\"container\" data-e-type=\"container\" data-settings=\"{&quot;animation&quot;:&quot;fadeInUp&quot;,&quot;animation_delay&quot;:100}\">\n\t\t\t\t\t<div class=\"e-con-inner\">\n\t\t<div class=\"elementor-element elementor-element-b259e64 e-con-full e-flex e-con e-child\" data-id=\"b259e64\" data-element_type=\"container\" data-e-type=\"container\">\n\t\t\t\t<div class=\"elementor-element elementor-element-b7f1484 elementor-widget elementor-widget-image\" data-id=\"b7f1484\" data-element_type=\"widget\" data-e-type=\"widget\" data-widget_type=\"image.default\">\n\t\t\t\t<div class=\"elementor-widget-container\">\n\t\t\t\t\t\t\t\t\t\t\t\t\t\t\t<img fetchpriority=\"high\" decoding=\"async\" width=\"1024\" height=\"599\" src=\"https:\/\/paraeventos.com.ar\/wp-content\/uploads\/2024\/01\/safari-1024x599.webp\" class=\"attachment-large size-large wp-image-257\" alt=\"\" srcset=\"https:\/\/paraeventos.com.ar\/wp-content\/uploads\/2024\/01\/safari-1024x599.webp 1024w, https:\/\/paraeventos.com.ar\/wp-content\/uploads\/2024\/01\/safari-300x176.webp 300w, https:\/\/paraeventos.com.ar\/wp-content\/uploads\/2024\/01\/safari-768x449.webp 768w, https:\/\/paraeventos.com.ar\/wp-content\/uploads\/2024\/01\/safari-600x351.webp 600w, https:\/\/paraeventos.com.ar\/wp-content\/uploads\/2024\/01\/safari.webp 1302w\" sizes=\"(max-width: 1024px) 100vw, 1024px\" \/>\t\t\t\t\t\t\t\t\t\t\t\t\t\t\t<\/div>\n\t\t\t\t<\/div>\n\t\t\t\t<\/div>\n\t\t<div class=\"elementor-element elementor-element-37d5434 e-con-full e-flex e-con e-child\" data-id=\"37d5434\" data-element_type=\"container\" data-e-type=\"container\">\n\t\t\t\t<div class=\"elementor-element elementor-element-7ac1f56 elementor-widget elementor-widget-image-box\" data-id=\"7ac1f56\" data-element_type=\"widget\" data-e-type=\"widget\" data-widget_type=\"image-box.default\">\n\t\t\t\t<div class=\"elementor-widget-container\">\n\t\t\t\t\t<div class=\"elementor-image-box-wrapper\"><div class=\"elementor-image-box-content\"><h3 class=\"elementor-image-box-title\">Tem\u00e1tica Safari<\/h3><p class=\"elementor-image-box-description\">Nuestros animales ponyroller poseen rueditas y mediante saltos avanzan. Edad recomendada de 3 a 9 a\u00f1os.<\/p><\/div><\/div>\t\t\t\t<\/div>\n\t\t\t\t<\/div>\n\t\t\t\t<\/div>\n\t\t\t\t\t<\/div>\n\t\t\t\t<\/div>\n\t\t<div class=\"elementor-element elementor-element-d8c5165 e-flex e-con-boxed elementor-invisible e-con e-parent\" data-id=\"d8c5165\" data-element_type=\"container\" data-e-type=\"container\" data-settings=\"{&quot;animation&quot;:&quot;fadeInUp&quot;,&quot;animation_delay&quot;:100}\">\n\t\t\t\t\t<div class=\"e-con-inner\">\n\t\t<div class=\"elementor-element elementor-element-8f9e45d e-con-full e-flex e-con e-child\" data-id=\"8f9e45d\" data-element_type=\"container\" data-e-type=\"container\">\n\t\t\t\t<div class=\"elementor-element elementor-element-a975cec elementor-widget elementor-widget-image-box\" data-id=\"a975cec\" data-element_type=\"widget\" data-e-type=\"widget\" data-widget_type=\"image-box.default\">\n\t\t\t\t<div class=\"elementor-widget-container\">\n\t\t\t\t\t<div class=\"elementor-image-box-wrapper\"><div class=\"elementor-image-box-content\"><h3 class=\"elementor-image-box-title\">Tem\u00e1tica Circo<\/h3><p class=\"elementor-image-box-description\">La ambientaci\u00f3n orientada a la imaginaci\u00f2n de los ni\u00f1os con este exclusivo tem\u00e0tica de circo.<\/p><\/div><\/div>\t\t\t\t<\/div>\n\t\t\t\t<\/div>\n\t\t\t\t<\/div>\n\t\t<div class=\"elementor-element elementor-element-fffeb30 e-con-full e-flex e-con e-child\" data-id=\"fffeb30\" data-element_type=\"container\" data-e-type=\"container\">\n\t\t\t\t<div class=\"elementor-element elementor-element-f355005 elementor-widget elementor-widget-image\" data-id=\"f355005\" data-element_type=\"widget\" data-e-type=\"widget\" data-widget_type=\"image.default\">\n\t\t\t\t<div class=\"elementor-widget-container\">\n\t\t\t\t\t\t\t\t\t\t\t\t\t\t\t<img decoding=\"async\" width=\"1024\" height=\"461\" src=\"https:\/\/paraeventos.com.ar\/wp-content\/uploads\/2024\/01\/WhatsApp-Image-2024-01-17-at-20.51.09-1024x461.jpeg\" class=\"attachment-large size-large wp-image-170\" alt=\"\" srcset=\"https:\/\/paraeventos.com.ar\/wp-content\/uploads\/2024\/01\/WhatsApp-Image-2024-01-17-at-20.51.09-1024x461.jpeg 1024w, https:\/\/paraeventos.com.ar\/wp-content\/uploads\/2024\/01\/WhatsApp-Image-2024-01-17-at-20.51.09-300x135.jpeg 300w, https:\/\/paraeventos.com.ar\/wp-content\/uploads\/2024\/01\/WhatsApp-Image-2024-01-17-at-20.51.09-768x346.jpeg 768w, https:\/\/paraeventos.com.ar\/wp-content\/uploads\/2024\/01\/WhatsApp-Image-2024-01-17-at-20.51.09-1536x692.jpeg 1536w, https:\/\/paraeventos.com.ar\/wp-content\/uploads\/2024\/01\/WhatsApp-Image-2024-01-17-at-20.51.09-600x270.jpeg 600w, https:\/\/paraeventos.com.ar\/wp-content\/uploads\/2024\/01\/WhatsApp-Image-2024-01-17-at-20.51.09.jpeg 1600w\" sizes=\"(max-width: 1024px) 100vw, 1024px\" \/>\t\t\t\t\t\t\t\t\t\t\t\t\t\t\t<\/div>\n\t\t\t\t<\/div>\n\t\t\t\t<\/div>\n\t\t\t\t\t<\/div>\n\t\t\t\t<\/div>\n\t\t<div class=\"elementor-element elementor-element-63ebe4a e-flex e-con-boxed elementor-invisible e-con e-parent\" data-id=\"63ebe4a\" data-element_type=\"container\" data-e-type=\"container\" data-settings=\"{&quot;animation&quot;:&quot;fadeInUp&quot;,&quot;animation_delay&quot;:100}\">\n\t\t\t\t\t<div class=\"e-con-inner\">\n\t\t<div class=\"elementor-element elementor-element-4ad113c e-con-full e-flex e-con e-child\" data-id=\"4ad113c\" data-element_type=\"container\" data-e-type=\"container\">\n\t\t\t\t<div class=\"elementor-element elementor-element-7ff0d23 elementor-widget elementor-widget-image\" data-id=\"7ff0d23\" data-element_type=\"widget\" data-e-type=\"widget\" data-widget_type=\"image.default\">\n\t\t\t\t<div class=\"elementor-widget-container\">\n\t\t\t\t\t\t\t\t\t\t\t\t\t\t\t<img decoding=\"async\" width=\"995\" height=\"975\" src=\"https:\/\/paraeventos.com.ar\/wp-content\/uploads\/2024\/03\/WhatsApp-Image-2024-03-14-at-20.18.26.jpeg\" class=\"attachment-large size-large wp-image-559\" alt=\"\" srcset=\"https:\/\/paraeventos.com.ar\/wp-content\/uploads\/2024\/03\/WhatsApp-Image-2024-03-14-at-20.18.26.jpeg 995w, https:\/\/paraeventos.com.ar\/wp-content\/uploads\/2024\/03\/WhatsApp-Image-2024-03-14-at-20.18.26-300x294.jpeg 300w, https:\/\/paraeventos.com.ar\/wp-content\/uploads\/2024\/03\/WhatsApp-Image-2024-03-14-at-20.18.26-768x753.jpeg 768w\" sizes=\"(max-width: 995px) 100vw, 995px\" \/>\t\t\t\t\t\t\t\t\t\t\t\t\t\t\t<\/div>\n\t\t\t\t<\/div>\n\t\t\t\t<\/div>\n\t\t<div class=\"elementor-element elementor-element-50ed962 e-con-full e-flex e-con e-child\" data-id=\"50ed962\" data-element_type=\"container\" data-e-type=\"container\">\n\t\t\t\t<div class=\"elementor-element elementor-element-f9cddcb elementor-widget elementor-widget-image-box\" data-id=\"f9cddcb\" data-element_type=\"widget\" data-e-type=\"widget\" data-widget_type=\"image-box.default\">\n\t\t\t\t<div class=\"elementor-widget-container\">\n\t\t\t\t\t<div class=\"elementor-image-box-wrapper\"><div class=\"elementor-image-box-content\"><h3 class=\"elementor-image-box-title\">Tem\u00e1tica Granja y Granero<\/h3><p class=\"elementor-image-box-description\">Nuestros animales de granja ser\u00e1n ideales para que disfruten tus peques a la hora de divertirse.<\/p><\/div><\/div>\t\t\t\t<\/div>\n\t\t\t\t<\/div>\n\t\t\t\t<\/div>\n\t\t\t\t\t<\/div>\n\t\t\t\t<\/div>\n\t\t<div class=\"elementor-element elementor-element-915e808 e-flex e-con-boxed elementor-invisible e-con e-parent\" data-id=\"915e808\" data-element_type=\"container\" data-e-type=\"container\" data-settings=\"{&quot;animation&quot;:&quot;fadeInUp&quot;,&quot;animation_delay&quot;:100}\">\n\t\t\t\t\t<div class=\"e-con-inner\">\n\t\t<div class=\"elementor-element elementor-element-2f2423a e-con-full e-flex e-con e-child\" data-id=\"2f2423a\" data-element_type=\"container\" data-e-type=\"container\">\n\t\t\t\t<div class=\"elementor-element elementor-element-b568b3a elementor-widget elementor-widget-image-box\" data-id=\"b568b3a\" data-element_type=\"widget\" data-e-type=\"widget\" data-widget_type=\"image-box.default\">\n\t\t\t\t<div class=\"elementor-widget-container\">\n\t\t\t\t\t<div class=\"elementor-image-box-wrapper\"><div class=\"elementor-image-box-content\"><h3 class=\"elementor-image-box-title\">Plaza N\u00f3rdica con Pelotero chico<\/h3><p class=\"elementor-image-box-description\">Plaza N\u00f3rdica con Pelotero chico<\/p><\/div><\/div>\t\t\t\t<\/div>\n\t\t\t\t<\/div>\n\t\t\t\t<\/div>\n\t\t<div class=\"elementor-element elementor-element-229354e e-con-full e-flex e-con e-child\" data-id=\"229354e\" data-element_type=\"container\" data-e-type=\"container\">\n\t\t\t\t<div class=\"elementor-element elementor-element-1ae8868 elementor-widget elementor-widget-image\" data-id=\"1ae8868\" data-element_type=\"widget\" data-e-type=\"widget\" data-widget_type=\"image.default\">\n\t\t\t\t<div class=\"elementor-widget-container\">\n\t\t\t\t\t\t\t\t\t\t\t\t\t\t\t<img loading=\"lazy\" decoding=\"async\" width=\"1024\" height=\"768\" src=\"https:\/\/paraeventos.com.ar\/wp-content\/uploads\/2024\/03\/Imagen-de-WhatsApp-2024-03-17-a-las-18.52.21_5e35f08f-1024x768.jpg\" class=\"attachment-large size-large wp-image-616\" alt=\"\" srcset=\"https:\/\/paraeventos.com.ar\/wp-content\/uploads\/2024\/03\/Imagen-de-WhatsApp-2024-03-17-a-las-18.52.21_5e35f08f-1024x768.jpg 1024w, https:\/\/paraeventos.com.ar\/wp-content\/uploads\/2024\/03\/Imagen-de-WhatsApp-2024-03-17-a-las-18.52.21_5e35f08f-300x225.jpg 300w, https:\/\/paraeventos.com.ar\/wp-content\/uploads\/2024\/03\/Imagen-de-WhatsApp-2024-03-17-a-las-18.52.21_5e35f08f-768x576.jpg 768w, https:\/\/paraeventos.com.ar\/wp-content\/uploads\/2024\/03\/Imagen-de-WhatsApp-2024-03-17-a-las-18.52.21_5e35f08f.jpg 1156w\" sizes=\"(max-width: 1024px) 100vw, 1024px\" \/>\t\t\t\t\t\t\t\t\t\t\t\t\t\t\t<\/div>\n\t\t\t\t<\/div>\n\t\t\t\t<\/div>\n\t\t\t\t\t<\/div>\n\t\t\t\t<\/div>\n\t\t<div class=\"elementor-element elementor-element-478d84d e-flex e-con-boxed elementor-invisible e-con e-parent\" data-id=\"478d84d\" data-element_type=\"container\" data-e-type=\"container\" data-settings=\"{&quot;animation&quot;:&quot;fadeInUp&quot;,&quot;animation_delay&quot;:100}\">\n\t\t\t\t\t<div class=\"e-con-inner\">\n\t\t<div class=\"elementor-element elementor-element-3a22622 e-con-full e-flex e-con e-child\" data-id=\"3a22622\" data-element_type=\"container\" data-e-type=\"container\">\n\t\t\t\t<div class=\"elementor-element elementor-element-5c32f8e elementor-widget elementor-widget-image\" data-id=\"5c32f8e\" data-element_type=\"widget\" data-e-type=\"widget\" data-widget_type=\"image.default\">\n\t\t\t\t<div class=\"elementor-widget-container\">\n\t\t\t\t\t\t\t\t\t\t\t\t\t\t\t<img loading=\"lazy\" decoding=\"async\" width=\"901\" height=\"768\" src=\"https:\/\/paraeventos.com.ar\/wp-content\/uploads\/2024\/01\/a.webp\" class=\"attachment-large size-large wp-image-264\" alt=\"\" srcset=\"https:\/\/paraeventos.com.ar\/wp-content\/uploads\/2024\/01\/a.webp 901w, https:\/\/paraeventos.com.ar\/wp-content\/uploads\/2024\/01\/a-300x256.webp 300w, https:\/\/paraeventos.com.ar\/wp-content\/uploads\/2024\/01\/a-768x655.webp 768w, https:\/\/paraeventos.com.ar\/wp-content\/uploads\/2024\/01\/a-600x511.webp 600w\" sizes=\"(max-width: 901px) 100vw, 901px\" \/>\t\t\t\t\t\t\t\t\t\t\t\t\t\t\t<\/div>\n\t\t\t\t<\/div>\n\t\t\t\t<\/div>\n\t\t<div class=\"elementor-element elementor-element-cd74600 e-con-full e-flex e-con e-child\" data-id=\"cd74600\" data-element_type=\"container\" data-e-type=\"container\">\n\t\t\t\t<div class=\"elementor-element elementor-element-f5e5009 elementor-widget elementor-widget-image-box\" data-id=\"f5e5009\" data-element_type=\"widget\" data-e-type=\"widget\" data-widget_type=\"image-box.default\">\n\t\t\t\t<div class=\"elementor-widget-container\">\n\t\t\t\t\t<div class=\"elementor-image-box-wrapper\"><div class=\"elementor-image-box-content\"><h3 class=\"elementor-image-box-title\">Garage<\/h3><p class=\"elementor-image-box-description\">Banco de herramientas con 3 autitos vintage y 3 motitos para que disfruten al m\u00e1ximo de la fiesta o evento.<\/p><\/div><\/div>\t\t\t\t<\/div>\n\t\t\t\t<\/div>\n\t\t\t\t<\/div>\n\t\t\t\t\t<\/div>\n\t\t\t\t<\/div>\n\t\t<div class=\"elementor-element elementor-element-9a41a02 e-flex e-con-boxed elementor-invisible e-con e-parent\" data-id=\"9a41a02\" data-element_type=\"container\" data-e-type=\"container\" data-settings=\"{&quot;animation&quot;:&quot;fadeInUp&quot;,&quot;animation_delay&quot;:100}\">\n\t\t\t\t\t<div class=\"e-con-inner\">\n\t\t<div class=\"elementor-element elementor-element-d680704 e-con-full e-flex e-con e-child\" data-id=\"d680704\" data-element_type=\"container\" data-e-type=\"container\">\n\t\t\t\t<div class=\"elementor-element elementor-element-e7bac82 elementor-widget elementor-widget-image-box\" data-id=\"e7bac82\" data-element_type=\"widget\" data-e-type=\"widget\" data-widget_type=\"image-box.default\">\n\t\t\t\t<div class=\"elementor-widget-container\">\n\t\t\t\t\t<div class=\"elementor-image-box-wrapper\"><div class=\"elementor-image-box-content\"><h3 class=\"elementor-image-box-title\">Construcci\u00f3n de bloques<\/h3><p class=\"elementor-image-box-description\">Pod\u00e9s elegir entre 60 a 200 bloques.<\/p><\/div><\/div>\t\t\t\t<\/div>\n\t\t\t\t<\/div>\n\t\t\t\t<\/div>\n\t\t<div class=\"elementor-element elementor-element-ad4e91a e-con-full e-flex e-con e-child\" data-id=\"ad4e91a\" data-element_type=\"container\" data-e-type=\"container\">\n\t\t\t\t<div class=\"elementor-element elementor-element-d9365f1 elementor-widget elementor-widget-image\" data-id=\"d9365f1\" data-element_type=\"widget\" data-e-type=\"widget\" data-widget_type=\"image.default\">\n\t\t\t\t<div class=\"elementor-widget-container\">\n\t\t\t\t\t\t\t\t\t\t\t\t\t\t\t<img loading=\"lazy\" decoding=\"async\" width=\"1024\" height=\"768\" src=\"https:\/\/paraeventos.com.ar\/wp-content\/uploads\/2024\/03\/20240227_082735-1024x768.jpg\" class=\"attachment-large size-large wp-image-584\" alt=\"\" srcset=\"https:\/\/paraeventos.com.ar\/wp-content\/uploads\/2024\/03\/20240227_082735-1024x768.jpg 1024w, https:\/\/paraeventos.com.ar\/wp-content\/uploads\/2024\/03\/20240227_082735-300x225.jpg 300w, https:\/\/paraeventos.com.ar\/wp-content\/uploads\/2024\/03\/20240227_082735-768x576.jpg 768w, https:\/\/paraeventos.com.ar\/wp-content\/uploads\/2024\/03\/20240227_082735-1536x1152.jpg 1536w, https:\/\/paraeventos.com.ar\/wp-content\/uploads\/2024\/03\/20240227_082735-2048x1536.jpg 2048w\" sizes=\"(max-width: 1024px) 100vw, 1024px\" \/>\t\t\t\t\t\t\t\t\t\t\t\t\t\t\t<\/div>\n\t\t\t\t<\/div>\n\t\t\t\t<\/div>\n\t\t\t\t\t<\/div>\n\t\t\t\t<\/div>\n\t\t\t\t<\/div>\n\t\t","protected":false},"excerpt":{"rendered":"<p>Tem\u00e1tica Safari Nuestros animales ponyroller poseen rueditas y mediante saltos avanzan. Edad recomendada de 3 a 9 a\u00f1os. Tem\u00e1tica Circo<\/p>\n","protected":false},"author":1,"featured_media":0,"parent":0,"menu_order":0,"comment_status":"closed","ping_status":"closed","template":"","meta":{"_joinchat":[],"footnotes":""},"class_list":["post-205","page","type-page","status-publish","hentry"],"_links":{"self":[{"href":"https:\/\/paraeventos.com.ar\/index.php\/wp-json\/wp\/v2\/pages\/205","targetHints":{"allow":["GET"]}}],"collection":[{"href":"https:\/\/paraeventos.com.ar\/index.php\/wp-json\/wp\/v2\/pages"}],"about":[{"href":"https:\/\/paraeventos.com.ar\/index.php\/wp-json\/wp\/v2\/types\/page"}],"author":[{"embeddable":true,"href":"https:\/\/paraeventos.com.ar\/index.php\/wp-json\/wp\/v2\/users\/1"}],"replies":[{"embeddable":true,"href":"https:\/\/paraeventos.com.ar\/index.php\/wp-json\/wp\/v2\/comments?post=205"}],"version-history":[{"count":29,"href":"https:\/\/paraeventos.com.ar\/index.php\/wp-json\/wp\/v2\/pages\/205\/revisions"}],"predecessor-version":[{"id":624,"href":"https:\/\/paraeventos.com.ar\/index.php\/wp-json\/wp\/v2\/pages\/205\/revisions\/624"}],"wp:attachment":[{"href":"https:\/\/paraeventos.com.ar\/index.php\/wp-json\/wp\/v2\/media?parent=205"}],"curies":[{"name":"wp","href":"https:\/\/api.w.org\/{rel}","templated":true}]}}