{"id":52,"date":"2024-01-17T23:27:57","date_gmt":"2024-01-18T02:27:57","guid":{"rendered":"https:\/\/paraeventos.com.ar\/?page_id=52"},"modified":"2025-08-04T22:11:31","modified_gmt":"2025-08-05T01:11:31","slug":"conocenos","status":"publish","type":"page","link":"https:\/\/paraeventos.com.ar\/index.php\/conocenos\/","title":{"rendered":"Conocenos"},"content":{"rendered":"\t\t<div data-elementor-type=\"wp-page\" data-elementor-id=\"52\" class=\"elementor elementor-52\" data-elementor-post-type=\"page\">\n\t\t\t\t<div class=\"elementor-element elementor-element-bf4d194 e-con-full e-flex e-con e-parent\" data-id=\"bf4d194\" data-element_type=\"container\" data-e-type=\"container\" data-settings=\"{&quot;background_background&quot;:&quot;slideshow&quot;,&quot;background_slideshow_gallery&quot;:[{&quot;id&quot;:725,&quot;url&quot;:&quot;https:\\\/\\\/paraeventos.com.ar\\\/wp-content\\\/uploads\\\/2024\\\/06\\\/bf367d29-5148-42a8-aa0e-d88d3fbad39e.jpeg&quot;},{&quot;id&quot;:726,&quot;url&quot;:&quot;https:\\\/\\\/paraeventos.com.ar\\\/wp-content\\\/uploads\\\/2024\\\/06\\\/632ba4eb-be56-4e54-a308-741a0bcf8252-1.jpeg&quot;}],&quot;background_slideshow_loop&quot;:&quot;yes&quot;,&quot;background_slideshow_slide_duration&quot;:5000,&quot;background_slideshow_slide_transition&quot;:&quot;fade&quot;,&quot;background_slideshow_transition_duration&quot;:500}\">\n\t\t\t\t<div class=\"elementor-element elementor-element-5a38c1b elementor-widget__width-initial elementor-invisible elementor-widget elementor-widget-text-editor\" data-id=\"5a38c1b\" data-element_type=\"widget\" data-e-type=\"widget\" data-settings=\"{&quot;_animation&quot;:&quot;zoomIn&quot;,&quot;_animation_delay&quot;:1200}\" data-widget_type=\"text-editor.default\">\n\t\t\t\t<div class=\"elementor-widget-container\">\n\t\t\t\t\t\t\t\t\t<h3><span style=\"color: #ffffff;\">Hola! Somos\u00a0 Jaqueline y Juan y justo a nuestro grupo, nos encargamos de crear espacios de juegos \u00fanicos y originales, para que disfrutes al m\u00e1ximo de tu evento!<\/span><\/h3><div><span style=\"color: #ffffff;\">Ahora tambi\u00e9n podes disfrutar nuestro S\u00e1lon de PARAEVENTOS en San lorenzo 2681 San \u00c1ndres\u00a0<\/span><\/div>\t\t\t\t\t\t\t\t<\/div>\n\t\t\t\t<\/div>\n\t\t\t\t<div class=\"elementor-element elementor-element-91d1394 animated-fast elementor-invisible elementor-widget elementor-widget-heading\" data-id=\"91d1394\" data-element_type=\"widget\" data-e-type=\"widget\" data-settings=\"{&quot;_animation&quot;:&quot;zoomIn&quot;,&quot;_animation_delay&quot;:1200}\" data-widget_type=\"heading.default\">\n\t\t\t\t<div class=\"elementor-widget-container\">\n\t\t\t\t\t<h2 class=\"elementor-heading-title elementor-size-default\">Nos caracteriza el compromiso y la responsabilidad en todos nuestros servicios desde hace 9 a\u00f1os.<\/h2>\t\t\t\t<\/div>\n\t\t\t\t<\/div>\n\t\t\t\t<div class=\"elementor-element elementor-element-1fcc312 animated-fast elementor-invisible elementor-widget elementor-widget-heading\" data-id=\"1fcc312\" data-element_type=\"widget\" data-e-type=\"widget\" data-settings=\"{&quot;_animation&quot;:&quot;fadeInUp&quot;,&quot;_animation_delay&quot;:1200}\" data-widget_type=\"heading.default\">\n\t\t\t\t<div class=\"elementor-widget-container\">\n\t\t\t\t\t<h2 class=\"elementor-heading-title elementor-size-default\">A tener en cuenta:<\/h2>\t\t\t\t<\/div>\n\t\t\t\t<\/div>\n\t\t\t\t<\/div>\n\t\t<div class=\"elementor-element elementor-element-1b19bda e-flex e-con-boxed elementor-invisible e-con e-parent\" data-id=\"1b19bda\" data-element_type=\"container\" data-e-type=\"container\" data-settings=\"{&quot;animation&quot;:&quot;zoomIn&quot;}\">\n\t\t\t\t\t<div class=\"e-con-inner\">\n\t\t<div class=\"elementor-element elementor-element-9137524 e-con-full e-flex e-con e-child\" data-id=\"9137524\" data-element_type=\"container\" data-e-type=\"container\">\n\t\t\t\t<div class=\"elementor-element elementor-element-25dbe63 elementor-view-default elementor-position-block-start elementor-mobile-position-block-start elementor-invisible elementor-widget elementor-widget-icon-box\" data-id=\"25dbe63\" data-element_type=\"widget\" data-e-type=\"widget\" data-settings=\"{&quot;_animation&quot;:&quot;fadeInUp&quot;}\" data-widget_type=\"icon-box.default\">\n\t\t\t\t<div class=\"elementor-widget-container\">\n\t\t\t\t\t\t\t<div class=\"elementor-icon-box-wrapper\">\n\n\t\t\t\t\t\t<div class=\"elementor-icon-box-icon\">\n\t\t\t\t<span  class=\"elementor-icon\">\n\t\t\t\t<svg aria-hidden=\"true\" class=\"e-font-icon-svg e-far-heart\" viewBox=\"0 0 512 512\" xmlns=\"http:\/\/www.w3.org\/2000\/svg\"><path d=\"M458.4 64.3C400.6 15.7 311.3 23 256 79.3 200.7 23 111.4 15.6 53.6 64.3-21.6 127.6-10.6 230.8 43 285.5l175.4 178.7c10 10.2 23.4 15.9 37.6 15.9 14.3 0 27.6-5.6 37.6-15.8L469 285.6c53.5-54.7 64.7-157.9-10.6-221.3zm-23.6 187.5L259.4 430.5c-2.4 2.4-4.4 2.4-6.8 0L77.2 251.8c-36.5-37.2-43.9-107.6 7.3-150.7 38.9-32.7 98.9-27.8 136.5 10.5l35 35.7 35-35.7c37.8-38.5 97.8-43.2 136.5-10.6 51.1 43.1 43.5 113.9 7.3 150.8z\"><\/path><\/svg>\t\t\t\t<\/span>\n\t\t\t<\/div>\n\t\t\t\n\t\t\t\t\t\t<div class=\"elementor-icon-box-content\">\n\n\t\t\t\t\t\t\t\t\t<h3 class=\"elementor-icon-box-title\">\n\t\t\t\t\t\t<span  >\n\t\t\t\t\t\t\tEn perfecto estado\t\t\t\t\t\t<\/span>\n\t\t\t\t\t<\/h3>\n\t\t\t\t\n\t\t\t\t\n\t\t\t<\/div>\n\t\t\t\n\t\t<\/div>\n\t\t\t\t\t\t<\/div>\n\t\t\t\t<\/div>\n\t\t\t\t<\/div>\n\t\t<div class=\"elementor-element elementor-element-4a64674 e-con-full e-flex e-con e-child\" data-id=\"4a64674\" data-element_type=\"container\" data-e-type=\"container\">\n\t\t\t\t<div class=\"elementor-element elementor-element-d57ae03 elementor-view-default elementor-position-block-start elementor-mobile-position-block-start elementor-invisible elementor-widget elementor-widget-icon-box\" data-id=\"d57ae03\" data-element_type=\"widget\" data-e-type=\"widget\" data-settings=\"{&quot;_animation&quot;:&quot;fadeInUp&quot;}\" data-widget_type=\"icon-box.default\">\n\t\t\t\t<div class=\"elementor-widget-container\">\n\t\t\t\t\t\t\t<div class=\"elementor-icon-box-wrapper\">\n\n\t\t\t\t\t\t<div class=\"elementor-icon-box-icon\">\n\t\t\t\t<span  class=\"elementor-icon\">\n\t\t\t\t<svg aria-hidden=\"true\" class=\"e-font-icon-svg e-fas-water\" viewBox=\"0 0 576 512\" xmlns=\"http:\/\/www.w3.org\/2000\/svg\"><path d=\"M562.1 383.9c-21.5-2.4-42.1-10.5-57.9-22.9-14.1-11.1-34.2-11.3-48.2 0-37.9 30.4-107.2 30.4-145.7-1.5-13.5-11.2-33-9.1-46.7 1.8-38 30.1-106.9 30-145.2-1.7-13.5-11.2-33.3-8.9-47.1 2-15.5 12.2-36 20.1-57.7 22.4-7.9.8-13.6 7.8-13.6 15.7v32.2c0 9.1 7.6 16.8 16.7 16 28.8-2.5 56.1-11.4 79.4-25.9 56.5 34.6 137 34.1 192 0 56.5 34.6 137 34.1 192 0 23.3 14.2 50.9 23.3 79.1 25.8 9.1.8 16.7-6.9 16.7-16v-31.6c.1-8-5.7-15.4-13.8-16.3zm0-144c-21.5-2.4-42.1-10.5-57.9-22.9-14.1-11.1-34.2-11.3-48.2 0-37.9 30.4-107.2 30.4-145.7-1.5-13.5-11.2-33-9.1-46.7 1.8-38 30.1-106.9 30-145.2-1.7-13.5-11.2-33.3-8.9-47.1 2-15.5 12.2-36 20.1-57.7 22.4-7.9.8-13.6 7.8-13.6 15.7v32.2c0 9.1 7.6 16.8 16.7 16 28.8-2.5 56.1-11.4 79.4-25.9 56.5 34.6 137 34.1 192 0 56.5 34.6 137 34.1 192 0 23.3 14.2 50.9 23.3 79.1 25.8 9.1.8 16.7-6.9 16.7-16v-31.6c.1-8-5.7-15.4-13.8-16.3zm0-144C540.6 93.4 520 85.4 504.2 73 490.1 61.9 470 61.7 456 73c-37.9 30.4-107.2 30.4-145.7-1.5-13.5-11.2-33-9.1-46.7 1.8-38 30.1-106.9 30-145.2-1.7-13.5-11.2-33.3-8.9-47.1 2-15.5 12.2-36 20.1-57.7 22.4-7.9.8-13.6 7.8-13.6 15.7v32.2c0 9.1 7.6 16.8 16.7 16 28.8-2.5 56.1-11.4 79.4-25.9 56.5 34.6 137 34.1 192 0 56.5 34.6 137 34.1 192 0 23.3 14.2 50.9 23.3 79.1 25.8 9.1.8 16.7-6.9 16.7-16v-31.6c.1-8-5.7-15.4-13.8-16.3z\"><\/path><\/svg>\t\t\t\t<\/span>\n\t\t\t<\/div>\n\t\t\t\n\t\t\t\t\t\t<div class=\"elementor-icon-box-content\">\n\n\t\t\t\t\t\t\t\t\t<h3 class=\"elementor-icon-box-title\">\n\t\t\t\t\t\t<span  >\n\t\t\t\t\t\t\tLimpios\t\t\t\t\t\t<\/span>\n\t\t\t\t\t<\/h3>\n\t\t\t\t\n\t\t\t\t\n\t\t\t<\/div>\n\t\t\t\n\t\t<\/div>\n\t\t\t\t\t\t<\/div>\n\t\t\t\t<\/div>\n\t\t\t\t<\/div>\n\t\t<div class=\"elementor-element elementor-element-712563f e-con-full e-flex e-con e-child\" data-id=\"712563f\" data-element_type=\"container\" data-e-type=\"container\">\n\t\t\t\t<div class=\"elementor-element elementor-element-acfa8a7 elementor-view-default elementor-position-block-start elementor-mobile-position-block-start elementor-invisible elementor-widget elementor-widget-icon-box\" data-id=\"acfa8a7\" data-element_type=\"widget\" data-e-type=\"widget\" data-settings=\"{&quot;_animation&quot;:&quot;fadeInUp&quot;}\" data-widget_type=\"icon-box.default\">\n\t\t\t\t<div class=\"elementor-widget-container\">\n\t\t\t\t\t\t\t<div class=\"elementor-icon-box-wrapper\">\n\n\t\t\t\t\t\t<div class=\"elementor-icon-box-icon\">\n\t\t\t\t<span  class=\"elementor-icon\">\n\t\t\t\t<svg aria-hidden=\"true\" class=\"e-font-icon-svg e-fas-hand-paper\" viewBox=\"0 0 448 512\" xmlns=\"http:\/\/www.w3.org\/2000\/svg\"><path d=\"M408.781 128.007C386.356 127.578 368 146.36 368 168.79V256h-8V79.79c0-22.43-18.356-41.212-40.781-40.783C297.488 39.423 280 57.169 280 79v177h-8V40.79C272 18.36 253.644-.422 231.219.007 209.488.423 192 18.169 192 40v216h-8V80.79c0-22.43-18.356-41.212-40.781-40.783C121.488 40.423 104 58.169 104 80v235.992l-31.648-43.519c-12.993-17.866-38.009-21.817-55.877-8.823-17.865 12.994-21.815 38.01-8.822 55.877l125.601 172.705A48 48 0 0 0 172.073 512h197.59c22.274 0 41.622-15.324 46.724-37.006l26.508-112.66a192.011 192.011 0 0 0 5.104-43.975V168c.001-21.831-17.487-39.577-39.218-39.993z\"><\/path><\/svg>\t\t\t\t<\/span>\n\t\t\t<\/div>\n\t\t\t\n\t\t\t\t\t\t<div class=\"elementor-icon-box-content\">\n\n\t\t\t\t\t\t\t\t\t<h3 class=\"elementor-icon-box-title\">\n\t\t\t\t\t\t<span  >\n\t\t\t\t\t\t\tDesinfectados\t\t\t\t\t\t<\/span>\n\t\t\t\t\t<\/h3>\n\t\t\t\t\n\t\t\t\t\n\t\t\t<\/div>\n\t\t\t\n\t\t<\/div>\n\t\t\t\t\t\t<\/div>\n\t\t\t\t<\/div>\n\t\t\t\t<\/div>\n\t\t\t\t\t<\/div>\n\t\t\t\t<\/div>\n\t\t<div class=\"elementor-element elementor-element-c86c1cf e-flex e-con-boxed e-con e-parent\" data-id=\"c86c1cf\" data-element_type=\"container\" data-e-type=\"container\">\n\t\t\t\t\t<div class=\"e-con-inner\">\n\t\t\t\t<div class=\"elementor-element elementor-element-9b2908d animated-fast elementor-invisible elementor-widget elementor-widget-heading\" data-id=\"9b2908d\" data-element_type=\"widget\" data-e-type=\"widget\" data-settings=\"{&quot;_animation&quot;:&quot;fadeInUp&quot;,&quot;_animation_delay&quot;:150}\" data-widget_type=\"heading.default\">\n\t\t\t\t<div class=\"elementor-widget-container\">\n\t\t\t\t\t<h2 class=\"elementor-heading-title elementor-size-default\">Todos nuestros dise\u00f1os son exclusivos y los construimos con materiales de primera calidad. Asi como su correspondiente mantenimiento.<\/h2>\t\t\t\t<\/div>\n\t\t\t\t<\/div>\n\t\t\t\t\t<\/div>\n\t\t\t\t<\/div>\n\t\t<div class=\"elementor-element elementor-element-86fe827 e-flex e-con-boxed e-con e-parent\" data-id=\"86fe827\" data-element_type=\"container\" data-e-type=\"container\">\n\t\t\t\t\t<div class=\"e-con-inner\">\n\t\t<div class=\"elementor-element elementor-element-a139f11 e-con-full e-flex e-con e-child\" data-id=\"a139f11\" data-element_type=\"container\" data-e-type=\"container\">\n\t\t\t\t<div class=\"elementor-element elementor-element-affc79b elementor-widget__width-initial elementor-widget elementor-widget-image\" data-id=\"affc79b\" data-element_type=\"widget\" data-e-type=\"widget\" data-widget_type=\"image.default\">\n\t\t\t\t<div class=\"elementor-widget-container\">\n\t\t\t\t\t\t\t\t\t\t\t\t\t\t\t<img fetchpriority=\"high\" decoding=\"async\" width=\"1080\" height=\"1080\" src=\"https:\/\/paraeventos.com.ar\/wp-content\/uploads\/2024\/01\/Imagen-de-WhatsApp-2024-01-22-a-las-23.27.15_ca603764.jpg\" class=\"attachment-2048x2048 size-2048x2048 wp-image-465\" alt=\"\" srcset=\"https:\/\/paraeventos.com.ar\/wp-content\/uploads\/2024\/01\/Imagen-de-WhatsApp-2024-01-22-a-las-23.27.15_ca603764.jpg 1080w, https:\/\/paraeventos.com.ar\/wp-content\/uploads\/2024\/01\/Imagen-de-WhatsApp-2024-01-22-a-las-23.27.15_ca603764-300x300.jpg 300w, https:\/\/paraeventos.com.ar\/wp-content\/uploads\/2024\/01\/Imagen-de-WhatsApp-2024-01-22-a-las-23.27.15_ca603764-1024x1024.jpg 1024w, https:\/\/paraeventos.com.ar\/wp-content\/uploads\/2024\/01\/Imagen-de-WhatsApp-2024-01-22-a-las-23.27.15_ca603764-150x150.jpg 150w, https:\/\/paraeventos.com.ar\/wp-content\/uploads\/2024\/01\/Imagen-de-WhatsApp-2024-01-22-a-las-23.27.15_ca603764-768x768.jpg 768w\" sizes=\"(max-width: 1080px) 100vw, 1080px\" \/>\t\t\t\t\t\t\t\t\t\t\t\t\t\t\t<\/div>\n\t\t\t\t<\/div>\n\t\t\t\t<\/div>\n\t\t<div class=\"elementor-element elementor-element-5dfdd72 e-con-full e-flex e-con e-child\" data-id=\"5dfdd72\" data-element_type=\"container\" data-e-type=\"container\">\n\t\t\t\t<div class=\"elementor-element elementor-element-81c46b9 elementor-widget elementor-widget-image\" data-id=\"81c46b9\" data-element_type=\"widget\" data-e-type=\"widget\" data-widget_type=\"image.default\">\n\t\t\t\t<div class=\"elementor-widget-container\">\n\t\t\t\t\t\t\t\t\t\t\t\t\t\t\t<img decoding=\"async\" width=\"1024\" height=\"462\" src=\"https:\/\/paraeventos.com.ar\/wp-content\/uploads\/2024\/01\/20230709_114636-1024x462.jpg\" class=\"attachment-large size-large wp-image-464\" alt=\"\" srcset=\"https:\/\/paraeventos.com.ar\/wp-content\/uploads\/2024\/01\/20230709_114636-1024x462.jpg 1024w, https:\/\/paraeventos.com.ar\/wp-content\/uploads\/2024\/01\/20230709_114636-300x135.jpg 300w, https:\/\/paraeventos.com.ar\/wp-content\/uploads\/2024\/01\/20230709_114636-768x346.jpg 768w, https:\/\/paraeventos.com.ar\/wp-content\/uploads\/2024\/01\/20230709_114636-1536x692.jpg 1536w, https:\/\/paraeventos.com.ar\/wp-content\/uploads\/2024\/01\/20230709_114636-2048x923.jpg 2048w\" sizes=\"(max-width: 1024px) 100vw, 1024px\" \/>\t\t\t\t\t\t\t\t\t\t\t\t\t\t\t<\/div>\n\t\t\t\t<\/div>\n\t\t\t\t<\/div>\n\t\t\t\t\t<\/div>\n\t\t\t\t<\/div>\n\t\t<div class=\"elementor-element elementor-element-c808680 e-con-full e-flex e-con e-parent\" data-id=\"c808680\" data-element_type=\"container\" data-e-type=\"container\">\n\t\t<div class=\"elementor-element elementor-element-addc7d2 e-con-full e-flex e-con e-child\" data-id=\"addc7d2\" data-element_type=\"container\" data-e-type=\"container\">\n\t\t\t\t<div class=\"elementor-element elementor-element-cbc3f55 elementor-widget-mobile__width-initial elementor-widget elementor-widget-image\" data-id=\"cbc3f55\" data-element_type=\"widget\" data-e-type=\"widget\" data-widget_type=\"image.default\">\n\t\t\t\t<div class=\"elementor-widget-container\">\n\t\t\t\t\t\t\t\t\t\t\t\t\t\t\t<img decoding=\"async\" width=\"768\" height=\"1024\" src=\"https:\/\/paraeventos.com.ar\/wp-content\/uploads\/2024\/01\/WhatsApp-Image-2024-01-22-at-19.35.41-768x1024.jpeg\" class=\"attachment-large size-large wp-image-426\" alt=\"\" srcset=\"https:\/\/paraeventos.com.ar\/wp-content\/uploads\/2024\/01\/WhatsApp-Image-2024-01-22-at-19.35.41-768x1024.jpeg 768w, https:\/\/paraeventos.com.ar\/wp-content\/uploads\/2024\/01\/WhatsApp-Image-2024-01-22-at-19.35.41-225x300.jpeg 225w, https:\/\/paraeventos.com.ar\/wp-content\/uploads\/2024\/01\/WhatsApp-Image-2024-01-22-at-19.35.41-1152x1536.jpeg 1152w, https:\/\/paraeventos.com.ar\/wp-content\/uploads\/2024\/01\/WhatsApp-Image-2024-01-22-at-19.35.41.jpeg 1200w\" sizes=\"(max-width: 768px) 100vw, 768px\" \/>\t\t\t\t\t\t\t\t\t\t\t\t\t\t\t<\/div>\n\t\t\t\t<\/div>\n\t\t\t\t<\/div>\n\t\t<div class=\"elementor-element elementor-element-e96dc38 e-con-full e-flex e-con e-child\" data-id=\"e96dc38\" data-element_type=\"container\" data-e-type=\"container\">\n\t\t\t\t<div class=\"elementor-element elementor-element-8301c0f elementor-widget elementor-widget-heading\" data-id=\"8301c0f\" data-element_type=\"widget\" data-e-type=\"widget\" data-widget_type=\"heading.default\">\n\t\t\t\t<div class=\"elementor-widget-container\">\n\t\t\t\t\t<h2 class=\"elementor-heading-title elementor-size-default\">Eventos Corporativos<\/h2>\t\t\t\t<\/div>\n\t\t\t\t<\/div>\n\t\t\t\t<div class=\"elementor-element elementor-element-a016062 elementor-widget elementor-widget-heading\" data-id=\"a016062\" data-element_type=\"widget\" data-e-type=\"widget\" data-widget_type=\"heading.default\">\n\t\t\t\t<div class=\"elementor-widget-container\">\n\t\t\t\t\t<h2 class=\"elementor-heading-title elementor-size-default\">Contamos con servicio exclusivo para eventos corporativos.\n\nConsultenos<\/h2>\t\t\t\t<\/div>\n\t\t\t\t<\/div>\n\t\t\t\t<div class=\"elementor-element elementor-element-f692370 elementor-widget elementor-widget-heading\" data-id=\"f692370\" data-element_type=\"widget\" data-e-type=\"widget\" data-widget_type=\"heading.default\">\n\t\t\t\t<div class=\"elementor-widget-container\">\n\t\t\t\t\t<h2 class=\"elementor-heading-title elementor-size-default\">Nos acompa\u00f1an grandes marcas.<\/h2>\t\t\t\t<\/div>\n\t\t\t\t<\/div>\n\t\t<div class=\"elementor-element elementor-element-acb9c9e e-con-full e-flex e-con e-child\" data-id=\"acb9c9e\" data-element_type=\"container\" data-e-type=\"container\">\n\t\t\t\t<div class=\"elementor-element elementor-element-182e5c9 elementor-widget elementor-widget-image\" data-id=\"182e5c9\" data-element_type=\"widget\" data-e-type=\"widget\" data-widget_type=\"image.default\">\n\t\t\t\t<div class=\"elementor-widget-container\">\n\t\t\t\t\t\t\t\t\t\t\t\t\t\t\t<img loading=\"lazy\" decoding=\"async\" width=\"320\" height=\"130\" src=\"https:\/\/paraeventos.com.ar\/wp-content\/uploads\/2024\/01\/cinemark-hoyts.webp\" class=\"attachment-large size-large wp-image-428\" alt=\"\" srcset=\"https:\/\/paraeventos.com.ar\/wp-content\/uploads\/2024\/01\/cinemark-hoyts.webp 320w, https:\/\/paraeventos.com.ar\/wp-content\/uploads\/2024\/01\/cinemark-hoyts-300x122.webp 300w\" sizes=\"(max-width: 320px) 100vw, 320px\" \/>\t\t\t\t\t\t\t\t\t\t\t\t\t\t\t<\/div>\n\t\t\t\t<\/div>\n\t\t\t\t<div class=\"elementor-element elementor-element-8e5f176 elementor-widget elementor-widget-image\" data-id=\"8e5f176\" data-element_type=\"widget\" data-e-type=\"widget\" data-widget_type=\"image.default\">\n\t\t\t\t<div class=\"elementor-widget-container\">\n\t\t\t\t\t\t\t\t\t\t\t\t\t\t\t<img loading=\"lazy\" decoding=\"async\" width=\"283\" height=\"178\" src=\"https:\/\/paraeventos.com.ar\/wp-content\/uploads\/2025\/03\/images.png\" class=\"attachment-large size-large wp-image-799\" alt=\"\" \/>\t\t\t\t\t\t\t\t\t\t\t\t\t\t\t<\/div>\n\t\t\t\t<\/div>\n\t\t\t\t<\/div>\n\t\t<div class=\"elementor-element elementor-element-618fa70 e-con-full e-flex e-con e-child\" data-id=\"618fa70\" data-element_type=\"container\" data-e-type=\"container\">\n\t\t\t\t<div class=\"elementor-element elementor-element-54ea15d elementor-widget elementor-widget-image\" data-id=\"54ea15d\" data-element_type=\"widget\" data-e-type=\"widget\" data-widget_type=\"image.default\">\n\t\t\t\t<div class=\"elementor-widget-container\">\n\t\t\t\t\t\t\t\t\t\t\t\t\t\t\t<img loading=\"lazy\" decoding=\"async\" width=\"1024\" height=\"146\" src=\"https:\/\/paraeventos.com.ar\/wp-content\/uploads\/2024\/01\/1200px-Logo_Banco_Patagonia.svg-1024x146.png\" class=\"attachment-large size-large wp-image-427\" alt=\"\" srcset=\"https:\/\/paraeventos.com.ar\/wp-content\/uploads\/2024\/01\/1200px-Logo_Banco_Patagonia.svg-1024x146.png 1024w, https:\/\/paraeventos.com.ar\/wp-content\/uploads\/2024\/01\/1200px-Logo_Banco_Patagonia.svg-300x43.png 300w, https:\/\/paraeventos.com.ar\/wp-content\/uploads\/2024\/01\/1200px-Logo_Banco_Patagonia.svg-768x109.png 768w, https:\/\/paraeventos.com.ar\/wp-content\/uploads\/2024\/01\/1200px-Logo_Banco_Patagonia.svg.png 1200w\" sizes=\"(max-width: 1024px) 100vw, 1024px\" \/>\t\t\t\t\t\t\t\t\t\t\t\t\t\t\t<\/div>\n\t\t\t\t<\/div>\n\t\t\t\t<\/div>\n\t\t\t\t<\/div>\n\t\t\t\t<\/div>\n\t\t<div class=\"elementor-element elementor-element-ded3e95 e-con-full e-flex e-con e-parent\" data-id=\"ded3e95\" data-element_type=\"container\" data-e-type=\"container\">\n\t\t\t\t<div class=\"elementor-element elementor-element-f2e1e76 elementor-widget elementor-widget-image\" data-id=\"f2e1e76\" data-element_type=\"widget\" data-e-type=\"widget\" data-widget_type=\"image.default\">\n\t\t\t\t<div class=\"elementor-widget-container\">\n\t\t\t\t\t\t\t\t\t\t\t\t\t\t\t<img loading=\"lazy\" decoding=\"async\" width=\"1600\" height=\"721\" src=\"https:\/\/paraeventos.com.ar\/wp-content\/uploads\/2024\/01\/WhatsApp-Image-2024-01-17-at-20.14.53-1.jpeg\" class=\"attachment-full size-full wp-image-126\" alt=\"\" srcset=\"https:\/\/paraeventos.com.ar\/wp-content\/uploads\/2024\/01\/WhatsApp-Image-2024-01-17-at-20.14.53-1.jpeg 1600w, https:\/\/paraeventos.com.ar\/wp-content\/uploads\/2024\/01\/WhatsApp-Image-2024-01-17-at-20.14.53-1-300x135.jpeg 300w, https:\/\/paraeventos.com.ar\/wp-content\/uploads\/2024\/01\/WhatsApp-Image-2024-01-17-at-20.14.53-1-1024x461.jpeg 1024w, https:\/\/paraeventos.com.ar\/wp-content\/uploads\/2024\/01\/WhatsApp-Image-2024-01-17-at-20.14.53-1-768x346.jpeg 768w, https:\/\/paraeventos.com.ar\/wp-content\/uploads\/2024\/01\/WhatsApp-Image-2024-01-17-at-20.14.53-1-1536x692.jpeg 1536w, https:\/\/paraeventos.com.ar\/wp-content\/uploads\/2024\/01\/WhatsApp-Image-2024-01-17-at-20.14.53-1-600x270.jpeg 600w\" sizes=\"(max-width: 1600px) 100vw, 1600px\" \/>\t\t\t\t\t\t\t\t\t\t\t\t\t\t\t<\/div>\n\t\t\t\t<\/div>\n\t\t\t\t<\/div>\n\t\t<div class=\"elementor-element elementor-element-798db2e e-con-full e-flex e-con e-parent\" data-id=\"798db2e\" data-element_type=\"container\" data-e-type=\"container\">\n\t\t\t\t<\/div>\n\t\t<div class=\"elementor-element elementor-element-b9f8172 e-flex e-con-boxed e-con e-parent\" data-id=\"b9f8172\" data-element_type=\"container\" data-e-type=\"container\">\n\t\t\t\t\t<div class=\"e-con-inner\">\n\t\t\t\t<div class=\"elementor-element elementor-element-4a0cba4 elementor-widget elementor-widget-image\" data-id=\"4a0cba4\" data-element_type=\"widget\" data-e-type=\"widget\" data-widget_type=\"image.default\">\n\t\t\t\t<div class=\"elementor-widget-container\">\n\t\t\t\t\t\t\t\t\t\t\t\t\t\t\t<img loading=\"lazy\" decoding=\"async\" width=\"1024\" height=\"576\" src=\"https:\/\/paraeventos.com.ar\/wp-content\/uploads\/2025\/08\/fe137b99-a7a0-4a0e-8e46-45ae058a599a-1024x576.jpeg\" class=\"attachment-large size-large wp-image-921\" alt=\"\" srcset=\"https:\/\/paraeventos.com.ar\/wp-content\/uploads\/2025\/08\/fe137b99-a7a0-4a0e-8e46-45ae058a599a-1024x576.jpeg 1024w, https:\/\/paraeventos.com.ar\/wp-content\/uploads\/2025\/08\/fe137b99-a7a0-4a0e-8e46-45ae058a599a-300x169.jpeg 300w, https:\/\/paraeventos.com.ar\/wp-content\/uploads\/2025\/08\/fe137b99-a7a0-4a0e-8e46-45ae058a599a-768x432.jpeg 768w, https:\/\/paraeventos.com.ar\/wp-content\/uploads\/2025\/08\/fe137b99-a7a0-4a0e-8e46-45ae058a599a-1536x864.jpeg 1536w, https:\/\/paraeventos.com.ar\/wp-content\/uploads\/2025\/08\/fe137b99-a7a0-4a0e-8e46-45ae058a599a.jpeg 1600w\" sizes=\"(max-width: 1024px) 100vw, 1024px\" \/>\t\t\t\t\t\t\t\t\t\t\t\t\t\t\t<\/div>\n\t\t\t\t<\/div>\n\t\t\t\t\t<\/div>\n\t\t\t\t<\/div>\n\t\t\t\t<\/div>\n\t\t","protected":false},"excerpt":{"rendered":"<p>Hola! Somos\u00a0 Jaqueline y Juan y justo a nuestro grupo, nos encargamos de crear espacios de juegos \u00fanicos y originales,<\/p>\n","protected":false},"author":1,"featured_media":0,"parent":0,"menu_order":0,"comment_status":"closed","ping_status":"closed","template":"","meta":{"_joinchat":[],"footnotes":""},"class_list":["post-52","page","type-page","status-publish","hentry"],"_links":{"self":[{"href":"https:\/\/paraeventos.com.ar\/index.php\/wp-json\/wp\/v2\/pages\/52","targetHints":{"allow":["GET"]}}],"collection":[{"href":"https:\/\/paraeventos.com.ar\/index.php\/wp-json\/wp\/v2\/pages"}],"about":[{"href":"https:\/\/paraeventos.com.ar\/index.php\/wp-json\/wp\/v2\/types\/page"}],"author":[{"embeddable":true,"href":"https:\/\/paraeventos.com.ar\/index.php\/wp-json\/wp\/v2\/users\/1"}],"replies":[{"embeddable":true,"href":"https:\/\/paraeventos.com.ar\/index.php\/wp-json\/wp\/v2\/comments?post=52"}],"version-history":[{"count":82,"href":"https:\/\/paraeventos.com.ar\/index.php\/wp-json\/wp\/v2\/pages\/52\/revisions"}],"predecessor-version":[{"id":930,"href":"https:\/\/paraeventos.com.ar\/index.php\/wp-json\/wp\/v2\/pages\/52\/revisions\/930"}],"wp:attachment":[{"href":"https:\/\/paraeventos.com.ar\/index.php\/wp-json\/wp\/v2\/media?parent=52"}],"curies":[{"name":"wp","href":"https:\/\/api.w.org\/{rel}","templated":true}]}}